{"id":476,"date":"2025-02-12T17:01:50","date_gmt":"2025-02-12T17:01:50","guid":{"rendered":"https:\/\/surtravel.es\/?page_id=476"},"modified":"2025-03-13T09:52:08","modified_gmt":"2025-03-13T08:52:08","slug":"politique-de-confidentialite","status":"publish","type":"page","link":"https:\/\/surtravel.es\/fr\/politique-de-confidentialite\/","title":{"rendered":"Politique de confidentialit\u00e9"},"content":{"rendered":"<div data-elementor-type=\"wp-page\" data-elementor-id=\"476\" class=\"elementor elementor-476\" data-elementor-post-type=\"page\">\n\t\t\t\t<div class=\"elementor-element elementor-element-9fc4b4f e-flex e-con-boxed e-con e-parent\" data-id=\"9fc4b4f\" data-element_type=\"container\">\n\t\t\t\t\t<div class=\"e-con-inner\">\n\t\t\t\t<div class=\"elementor-element elementor-element-6848710 elementor-widget elementor-widget-text-editor\" data-id=\"6848710\" data-element_type=\"widget\" data-widget_type=\"text-editor.default\">\n\t\t\t\t<div class=\"elementor-widget-container\">\n\t\t\t\t\t\t\t\t\t<p><i>Cette d\u00e9claration de confidentialit\u00e9 a \u00e9t\u00e9 mise \u00e0 jour pour la derni\u00e8re fois le 14 janvier 2025 et s'applique aux citoyens et aux r\u00e9sidents permanents l\u00e9gaux de l'Espace \u00e9conomique europ\u00e9en et de la Suisse.<\/i><\/p><p>Dans cette d\u00e9claration de confidentialit\u00e9, nous expliquons ce que nous faisons des donn\u00e9es que nous recueillons \u00e0 votre sujet par le biais de <a href=\"https:\/\/surtravel.com\">https:\/\/surtravel.com<\/a> . Nous vous recommandons de lire attentivement cette d\u00e9claration. Dans le cadre de nos activit\u00e9s, nous respectons les exigences de la l\u00e9gislation relative \u00e0 la protection de la vie priv\u00e9e. Cela signifie, entre autres, que :<\/p><ul><li>nous indiquons clairement les raisons pour lesquelles nous traitons les donn\u00e9es \u00e0 caract\u00e8re personnel. Nous le faisons par le biais de cette d\u00e9claration de confidentialit\u00e9.<\/li><li>nous visons \u00e0 limiter notre collecte de donn\u00e9es personnelles aux donn\u00e9es personnelles n\u00e9cessaires \u00e0 des fins l\u00e9gitimes ;<\/li><li>Tout d'abord, nous vous demandons votre consentement explicite au traitement de vos donn\u00e9es personnelles lorsque cela est n\u00e9cessaire.<\/li><li>Nous prenons des mesures de s\u00e9curit\u00e9 appropri\u00e9es pour prot\u00e9ger vos donn\u00e9es \u00e0 caract\u00e8re personnel et nous exigeons la m\u00eame chose des parties qui traitent des donn\u00e9es \u00e0 caract\u00e8re personnel en notre nom ;<\/li><li>nous respectons votre droit d'acc\u00e8s, de rectification ou de suppression de vos donn\u00e9es personnelles sur demande.<\/li><\/ul><p>Si vous avez des questions ou si vous voulez savoir exactement quelles donn\u00e9es nous conservons \u00e0 votre sujet, veuillez nous contacter.<\/p><h5>1. objet, donn\u00e9es et dur\u00e9e de conservation<\/h5><p>Nous pouvons collecter ou recevoir des informations personnelles pour un certain nombre de raisons li\u00e9es \u00e0 nos activit\u00e9s commerciales, notamment les suivantes : (cliquez pour agrandir)<\/p><details class=\"cmplz-dropdown dropdown-privacy-statement\" open=\"\"><div><h6>1.1 Contact - Par t\u00e9l\u00e9phone, courrier, courriel et\/ou formulaires sur le site<\/h6><\/div><p class=\"cmplz-subtitle\">Nous utilisons les donn\u00e9es suivantes \u00e0 cette fin :<\/p><ul><li>Un nom et un pr\u00e9nom<\/li><li>Une adresse \u00e9lectronique<\/li><\/ul><p class=\"cmplz-subtitle\">La base sur laquelle nous pouvons traiter ces donn\u00e9es est la suivante :<\/p><p><a href=\"https:\/\/cookiedatabase.org\/legal-bases\/#consent\" target=\"_blank\" rel=\"noopener noreferrer nofollow\">Apr\u00e8s avoir obtenu le consentement de l'int\u00e9ress\u00e9.\u00a0<\/a><\/p><p class=\"cmplz-subtitle\">P\u00e9riode de conservation<\/p><p>Nous conserverons ces donn\u00e9es jusqu'\u00e0 ce que le service soit annul\u00e9.<\/p><\/details><h5>2. Cookies<\/h5><p>Notre site web utilise des cookies. Pour plus d'informations sur les cookies, veuillez consulter notre\u00a0<a href=\"https:\/\/surtravel.com\/politica-de-cookies\/\">Politique en mati\u00e8re de cookies<\/a>.<\/p><h5>3. Pratiques de sensibilisation<\/h5><p>Nous divulguons des informations personnelles si nous sommes tenus de le faire en vertu de la loi ou d'une ordonnance d'un tribunal, en r\u00e9ponse \u00e0 un organisme charg\u00e9 de l'application de la loi, dans la mesure permise par d'autres lois, pour fournir des informations ou dans le cadre d'une enqu\u00eate sur une question de s\u00e9curit\u00e9 publique.<\/p><p>Si notre site web ou notre organisation est acquis, vendu ou impliqu\u00e9 dans une fusion ou une acquisition, vos donn\u00e9es peuvent \u00eatre divulgu\u00e9es \u00e0 nos conseillers et aux acheteurs potentiels et transmises aux nouveaux propri\u00e9taires.<\/p><p>Nous avons conclu un accord de traitement des donn\u00e9es avec Google.<\/p><p>Google ne peut pas utiliser les donn\u00e9es pour d'autres services Google.<\/p><h5>4. La s\u00e9curit\u00e9<\/h5><p>Nous nous engageons \u00e0 assurer la s\u00e9curit\u00e9 des donn\u00e9es \u00e0 caract\u00e8re personnel. Nous prenons des mesures de s\u00e9curit\u00e9 appropri\u00e9es pour limiter les abus et l'acc\u00e8s non autoris\u00e9 aux donn\u00e9es \u00e0 caract\u00e8re personnel. Ces mesures garantissent que seules les personnes n\u00e9cessaires ont acc\u00e8s \u00e0 vos donn\u00e9es, que l'acc\u00e8s aux donn\u00e9es est prot\u00e9g\u00e9 et que nos mesures de s\u00e9curit\u00e9 sont r\u00e9guli\u00e8rement r\u00e9vis\u00e9es.<\/p><h5>5. les sites web de tiers<\/h5><p>La pr\u00e9sente d\u00e9claration de confidentialit\u00e9 ne s'applique pas aux sites web de tiers li\u00e9s \u00e0 notre site web. Nous ne pouvons pas garantir que ces tiers traitent vos donn\u00e9es personnelles de mani\u00e8re fiable ou s\u00e9curis\u00e9e. Nous vous recommandons de lire les d\u00e9clarations de confidentialit\u00e9 de ces sites web avant de les utiliser.<\/p><h5>6. Modifications de la pr\u00e9sente d\u00e9claration de confidentialit\u00e9<\/h5><p>Nous nous r\u00e9servons le droit de modifier la pr\u00e9sente d\u00e9claration de confidentialit\u00e9. Nous vous recommandons de consulter r\u00e9guli\u00e8rement la pr\u00e9sente d\u00e9claration de confidentialit\u00e9 pour prendre connaissance de toute modification. En outre, nous vous informerons activement dans la mesure du possible.<\/p><h5>7. Acc\u00e8s et modification de vos donn\u00e9es<\/h5><p>Si vous avez des questions ou si vous souhaitez savoir quelles sont les donn\u00e9es personnelles que nous d\u00e9tenons \u00e0 votre sujet, n'h\u00e9sitez pas \u00e0 nous contacter. Vous pouvez nous contacter en utilisant les informations suivantes. Vous disposez des droits suivants :<\/p><ul><li>Vous avez le droit de savoir pourquoi vos donn\u00e9es personnelles sont n\u00e9cessaires, ce qu'il en adviendra et combien de temps elles seront conserv\u00e9es.<\/li><li>Droit d'acc\u00e8s : vous avez le droit d'acc\u00e9der aux donn\u00e9es \u00e0 caract\u00e8re personnel que nous d\u00e9tenons \u00e0 votre sujet.<\/li><li>Droit de rectification : vous avez le droit de compl\u00e9ter, de rectifier, d'effacer ou de bloquer vos donn\u00e9es \u00e0 caract\u00e8re personnel \u00e0 tout moment.<\/li><li>Si vous nous donnez votre accord pour traiter vos donn\u00e9es, vous avez le droit de r\u00e9voquer cet accord et de faire effacer vos donn\u00e9es personnelles.<\/li><li>Droit de transf\u00e9rer vos donn\u00e9es : vous avez le droit de demander au responsable du traitement de vous communiquer toutes vos donn\u00e9es \u00e0 caract\u00e8re personnel et de les transf\u00e9rer int\u00e9gralement \u00e0 un autre responsable du traitement.<\/li><li>Droit d'opposition : vous pouvez vous opposer au traitement de vos donn\u00e9es. Nous nous y conformons, \u00e0 moins qu'il n'existe des motifs justifi\u00e9s pour le traitement.<\/li><\/ul><p>Veillez \u00e0 toujours indiquer clairement qui vous \u00eates, afin que nous puissions \u00eatre s\u00fbrs de ne pas modifier ou supprimer les donn\u00e9es de la mauvaise personne.<\/p><h5>8. D\u00e9p\u00f4t d'une plainte<\/h5><p>Si vous n'\u00eates pas satisfait de la mani\u00e8re dont nous traitons vos donn\u00e9es personnelles, vous avez le droit de d\u00e9poser une plainte aupr\u00e8s de l'autorit\u00e9 charg\u00e9e de la protection des donn\u00e9es.<\/p><h5>9. Coordonn\u00e9es des personnes \u00e0 contacter<\/h5><p>ST Viajes, S.L.<br \/>C\/ Antonio de Nebrija, n\u00ba 20, 29620, Torremolinos, Espagne<br \/>Web : <a href=\"https:\/\/surtravel.com\">https:\/\/surtravel.com<\/a><br \/>Courriel : info@surtravel.es<br \/>T\u00e9l\u00e9phone : +34 952 91 31 60<\/p>\t\t\t\t\t\t\t\t<\/div>\n\t\t\t\t<\/div>\n\t\t\t\t\t<\/div>\n\t\t\t\t<\/div>\n\t\t\t\t<\/div>","protected":false},"excerpt":{"rendered":"<p>Cette d\u00e9claration de confidentialit\u00e9 a \u00e9t\u00e9 mise \u00e0 jour pour la derni\u00e8re fois le 14 janvier 2025 et s'applique aux citoyens et aux r\u00e9sidents permanents l\u00e9gaux de l'Espace \u00e9conomique europ\u00e9en et de la Suisse. Dans cette d\u00e9claration de confidentialit\u00e9, nous expliquons ce que nous faisons des donn\u00e9es que nous recueillons sur vous par le biais de https:\/\/surtravel.com . Nous vous recommandons de [...]<\/p>","protected":false},"author":2,"featured_media":0,"parent":0,"menu_order":0,"comment_status":"closed","ping_status":"closed","template":"","meta":{"footnotes":""},"class_list":["post-476","page","type-page","status-publish","hentry"],"_links":{"self":[{"href":"https:\/\/surtravel.es\/fr\/wp-json\/wp\/v2\/pages\/476","targetHints":{"allow":["GET"]}}],"collection":[{"href":"https:\/\/surtravel.es\/fr\/wp-json\/wp\/v2\/pages"}],"about":[{"href":"https:\/\/surtravel.es\/fr\/wp-json\/wp\/v2\/types\/page"}],"author":[{"embeddable":true,"href":"https:\/\/surtravel.es\/fr\/wp-json\/wp\/v2\/users\/2"}],"replies":[{"embeddable":true,"href":"https:\/\/surtravel.es\/fr\/wp-json\/wp\/v2\/comments?post=476"}],"version-history":[{"count":16,"href":"https:\/\/surtravel.es\/fr\/wp-json\/wp\/v2\/pages\/476\/revisions"}],"predecessor-version":[{"id":592,"href":"https:\/\/surtravel.es\/fr\/wp-json\/wp\/v2\/pages\/476\/revisions\/592"}],"wp:attachment":[{"href":"https:\/\/surtravel.es\/fr\/wp-json\/wp\/v2\/media?parent=476"}],"curies":[{"name":"wp","href":"https:\/\/api.w.org\/{rel}","templated":true}]}}