{"id":471,"date":"2025-02-12T16:57:08","date_gmt":"2025-02-12T16:57:08","guid":{"rendered":"https:\/\/surtravel.es\/?page_id=471"},"modified":"2025-03-13T09:51:35","modified_gmt":"2025-03-13T08:51:35","slug":"legal-notice","status":"publish","type":"page","link":"https:\/\/surtravel.es\/en\/legal-notice\/","title":{"rendered":"Legal Notice"},"content":{"rendered":"<div data-elementor-type=\"wp-page\" data-elementor-id=\"471\" class=\"elementor elementor-471\" data-elementor-post-type=\"page\">\n\t\t\t\t<div class=\"elementor-element elementor-element-fda6768 e-flex e-con-boxed e-con e-parent\" data-id=\"fda6768\" data-element_type=\"container\">\n\t\t\t\t\t<div class=\"e-con-inner\">\n\t\t\t\t<div class=\"elementor-element elementor-element-235a2d9 elementor-widget elementor-widget-text-editor\" data-id=\"235a2d9\" data-element_type=\"widget\" data-widget_type=\"text-editor.default\">\n\t\t\t\t<div class=\"elementor-widget-container\">\n\t\t\t\t\t\t\t\t\t<p><i>This legal notice \/ imprint was last updated on 12 February 2025.<\/i><\/p><p class=\"cmplz-subtitle\">The owner of this website is:<\/p><p>ST Viajes, S.L.<br \/>Antonio de Nebrija, n\u00ba 20, 29620, Torremolinos, Spain<br \/>E-mail: info@surtravel.es<br \/>Telephone: +34 952 91 31 60<br \/>VAT NUMBER: B56330475<\/p><h5>1. General<\/h5><p>We are neither willing nor obliged to participate in dispute resolution proceedings before a consumer arbitration board.<\/p>\t\t\t\t\t\t\t\t<\/div>\n\t\t\t\t<\/div>\n\t\t\t\t\t<\/div>\n\t\t\t\t<\/div>\n\t\t\t\t<\/div>","protected":false},"excerpt":{"rendered":"<p>Este aviso legal \/ imprint fue actualizado por \u00faltima vez el 12 de febrero de 2025. El propietario de esta web es: ST Viajes, S.L.Antonio de Nebrija, n\u00ba 20, 29620, Torremolinos, Espa\u00f1aCorreo electr\u00f3nico: info@surtravel.esTel\u00e9fono: +34 952 91 31 60CIF: B56330475 1. General No estamos dispuestos ni obligados a participar en procedimientos de resoluci\u00f3n de conflictos [&hellip;]<\/p>","protected":false},"author":2,"featured_media":0,"parent":0,"menu_order":0,"comment_status":"closed","ping_status":"closed","template":"","meta":{"footnotes":""},"class_list":["post-471","page","type-page","status-publish","hentry"],"_links":{"self":[{"href":"https:\/\/surtravel.es\/en\/wp-json\/wp\/v2\/pages\/471","targetHints":{"allow":["GET"]}}],"collection":[{"href":"https:\/\/surtravel.es\/en\/wp-json\/wp\/v2\/pages"}],"about":[{"href":"https:\/\/surtravel.es\/en\/wp-json\/wp\/v2\/types\/page"}],"author":[{"embeddable":true,"href":"https:\/\/surtravel.es\/en\/wp-json\/wp\/v2\/users\/2"}],"replies":[{"embeddable":true,"href":"https:\/\/surtravel.es\/en\/wp-json\/wp\/v2\/comments?post=471"}],"version-history":[{"count":13,"href":"https:\/\/surtravel.es\/en\/wp-json\/wp\/v2\/pages\/471\/revisions"}],"predecessor-version":[{"id":589,"href":"https:\/\/surtravel.es\/en\/wp-json\/wp\/v2\/pages\/471\/revisions\/589"}],"wp:attachment":[{"href":"https:\/\/surtravel.es\/en\/wp-json\/wp\/v2\/media?parent=471"}],"curies":[{"name":"wp","href":"https:\/\/api.w.org\/{rel}","templated":true}]}}