{"id":476,"date":"2025-02-12T17:01:50","date_gmt":"2025-02-12T17:01:50","guid":{"rendered":"https:\/\/surtravel.es\/?page_id=476"},"modified":"2025-03-13T09:52:08","modified_gmt":"2025-03-13T08:52:08","slug":"datenschutzbestimmungen","status":"publish","type":"page","link":"https:\/\/surtravel.es\/de\/datenschutzbestimmungen\/","title":{"rendered":"Datenschutzbestimmungen"},"content":{"rendered":"<div data-elementor-type=\"wp-page\" data-elementor-id=\"476\" class=\"elementor elementor-476\" data-elementor-post-type=\"page\">\n\t\t\t\t<div class=\"elementor-element elementor-element-9fc4b4f e-flex e-con-boxed e-con e-parent\" data-id=\"9fc4b4f\" data-element_type=\"container\">\n\t\t\t\t\t<div class=\"e-con-inner\">\n\t\t\t\t<div class=\"elementor-element elementor-element-6848710 elementor-widget elementor-widget-text-editor\" data-id=\"6848710\" data-element_type=\"widget\" data-widget_type=\"text-editor.default\">\n\t\t\t\t<div class=\"elementor-widget-container\">\n\t\t\t\t\t\t\t\t\t<p><i>Diese Datenschutzerkl\u00e4rung wurde zuletzt am 14. Januar 2025 aktualisiert und gilt f\u00fcr B\u00fcrger und Personen mit st\u00e4ndigem Wohnsitz im Europ\u00e4ischen Wirtschaftsraum und der Schweiz.<\/i><\/p><p>In dieser Datenschutzerkl\u00e4rung erl\u00e4utern wir, was wir mit den Daten tun, die wir \u00fcber Sie durch <a href=\"https:\/\/surtravel.com\">https:\/\/surtravel.com<\/a> . Wir empfehlen Ihnen, diese Erkl\u00e4rung sorgf\u00e4ltig zu lesen. Bei unserer Verarbeitung halten wir uns an die Anforderungen der Datenschutzgesetze. Dies bedeutet unter anderem, dass:<\/p><ul><li>wir geben klar an, zu welchen Zwecken wir personenbezogene Daten verarbeiten. Dies tun wir mit dieser Datenschutzerkl\u00e4rung.<\/li><li>Wir sind bestrebt, die Erhebung personenbezogener Daten auf solche Daten zu beschr\u00e4nken, die f\u00fcr rechtm\u00e4\u00dfige Zwecke erforderlich sind;<\/li><li>Zun\u00e4chst einmal bitten wir Sie um Ihre ausdr\u00fcckliche Zustimmung zur Verarbeitung Ihrer personenbezogenen Daten, sofern dies erforderlich ist.<\/li><li>Wir ergreifen angemessene Sicherheitsma\u00dfnahmen, um Ihre personenbezogenen Daten zu sch\u00fctzen, und verlangen dies auch von Parteien, die personenbezogene Daten in unserem Auftrag verarbeiten;<\/li><li>wir respektieren Ihr Recht auf Zugang, Berichtigung oder L\u00f6schung Ihrer personenbezogenen Daten auf Anfrage.<\/li><\/ul><p>Wenn Sie Fragen haben oder genau wissen m\u00f6chten, welche Daten wir \u00fcber Sie speichern, nehmen Sie bitte Kontakt mit uns auf.<\/p><h5>1 Zweck, Daten und Aufbewahrungsfrist<\/h5><p>Wir k\u00f6nnen personenbezogene Daten f\u00fcr eine Reihe von Zwecken im Zusammenhang mit unserem Gesch\u00e4ftsbetrieb sammeln oder erhalten, darunter die folgenden: (zum Vergr\u00f6\u00dfern klicken)<\/p><details class=\"cmplz-dropdown dropdown-privacy-statement\" open=\"\"><div><h6>1.1 Kontakt - per Telefon, Post, E-Mail und\/oder Formulare auf der Website<\/h6><\/div><p class=\"cmplz-subtitle\">Zu diesem Zweck verwenden wir die folgenden Daten:<\/p><ul><li>Ein Name und Nachname<\/li><li>Eine E-Mail Adresse<\/li><\/ul><p class=\"cmplz-subtitle\">Die Grundlage, auf der wir diese Daten verarbeiten k\u00f6nnen, ist:<\/p><p><a href=\"https:\/\/cookiedatabase.org\/legal-bases\/#consent\" target=\"_blank\" rel=\"noopener noreferrer nofollow\">Nachdem die Zustimmung erteilt wurde.\u00a0<\/a><\/p><p class=\"cmplz-subtitle\">Aufbewahrungsfrist<\/p><p>Diese Daten werden bis zur K\u00fcndigung des Dienstes aufbewahrt.<\/p><\/details><h5>2. Cookies<\/h5><p>Unsere Website verwendet Cookies. F\u00fcr weitere Informationen \u00fcber Cookies konsultieren Sie bitte unsere\u00a0<a href=\"https:\/\/surtravel.com\/politica-de-cookies\/\">Cookies-Politik<\/a>.<\/p><h5>3. Aufsuchende Ma\u00dfnahmen<\/h5><p>Wir legen personenbezogene Daten offen, wenn wir gesetzlich oder per Gerichtsbeschluss dazu verpflichtet sind, als Reaktion auf eine Strafverfolgungsbeh\u00f6rde, soweit dies nach anderen Gesetzen zul\u00e4ssig ist, zur Bereitstellung von Informationen oder f\u00fcr eine Untersuchung in einer Angelegenheit der \u00f6ffentlichen Sicherheit.<\/p><p>Wenn unsere Website oder unsere Organisation erworben, verkauft oder in eine Fusion oder \u00dcbernahme verwickelt wird, k\u00f6nnen Ihre Daten unseren Beratern und potenziellen K\u00e4ufern offengelegt und an die neuen Eigent\u00fcmer weitergegeben werden.<\/p><p>Wir haben eine Datenverarbeitungsvereinbarung mit Google.<\/p><p>Google darf die Daten nicht f\u00fcr andere Google-Dienste verwenden.<\/p><h5>4. Sicherheit<\/h5><p>Wir verpflichten uns zur Sicherheit der personenbezogenen Daten. Wir ergreifen geeignete Sicherheitsma\u00dfnahmen, um den Missbrauch und den unbefugten Zugriff auf personenbezogene Daten zu begrenzen. Dadurch wird sichergestellt, dass nur die notwendigen Personen Zugang zu Ihren Daten haben, dass der Zugang zu den Daten gesch\u00fctzt ist und dass unsere Sicherheitsma\u00dfnahmen regelm\u00e4\u00dfig \u00fcberpr\u00fcft werden.<\/p><h5>5) Websites von Dritten<\/h5><p>Diese Datenschutzerkl\u00e4rung gilt nicht f\u00fcr Websites von Dritten, die mit unserer Website verlinkt sind. Wir k\u00f6nnen nicht garantieren, dass diese Dritten Ihre pers\u00f6nlichen Daten zuverl\u00e4ssig oder sicher behandeln. Wir empfehlen Ihnen, die Datenschutzerkl\u00e4rungen dieser Websites zu lesen, bevor Sie sie nutzen.<\/p><h5>6. \u00c4nderungen an dieser Datenschutzerkl\u00e4rung<\/h5><p>Wir behalten uns das Recht vor, \u00c4nderungen an dieser Datenschutzerkl\u00e4rung vorzunehmen. Wir empfehlen Ihnen, diese Datenschutzerkl\u00e4rung regelm\u00e4\u00dfig zu konsultieren, um sich \u00fcber etwaige \u00c4nderungen zu informieren. Dar\u00fcber hinaus werden wir Sie, wann immer m\u00f6glich, aktiv informieren.<\/p><h5>7. Zugang zu Ihren Daten und deren \u00c4nderung<\/h5><p>Wenn Sie Fragen haben oder wissen m\u00f6chten, welche personenbezogenen Daten wir \u00fcber Sie gespeichert haben, wenden Sie sich bitte an uns. Sie k\u00f6nnen uns \u00fcber die folgenden Informationen kontaktieren. Sie haben die folgenden Rechte:<\/p><ul><li>Sie haben das Recht zu erfahren, wozu Ihre personenbezogenen Daten ben\u00f6tigt werden, was mit ihnen geschieht und wie lange sie aufbewahrt werden.<\/li><li>Auskunftsrecht: Sie haben das Recht, die \u00fcber Sie gespeicherten personenbezogenen Daten einzusehen.<\/li><li>Recht auf Berichtigung: Sie haben jederzeit das Recht auf Vervollst\u00e4ndigung, Berichtigung, L\u00f6schung oder Sperrung Ihrer personenbezogenen Daten.<\/li><li>Wenn Sie uns Ihre Einwilligung zur Verarbeitung Ihrer Daten gegeben haben, haben Sie das Recht, diese Einwilligung zu widerrufen und Ihre personenbezogenen Daten l\u00f6schen zu lassen.<\/li><li>Recht auf Daten\u00fcbertragbarkeit: Sie haben das Recht, alle Ihre personenbezogenen Daten von dem f\u00fcr die Verarbeitung Verantwortlichen anzufordern und sie in vollem Umfang an einen anderen f\u00fcr die Verarbeitung Verantwortlichen zu \u00fcbermitteln.<\/li><li>Recht auf Widerspruch: Sie k\u00f6nnen der Verarbeitung Ihrer Daten widersprechen. Dem kommen wir nach, es sei denn, es liegen berechtigte Gr\u00fcnde f\u00fcr die Verarbeitung vor.<\/li><\/ul><p>Bitte stellen Sie sicher, dass Sie immer klar angeben, wer Sie sind, damit wir sicher sein k\u00f6nnen, dass wir keine Daten von der falschen Person \u00e4ndern oder l\u00f6schen.<\/p><h5>8. Einreichung einer Beschwerde<\/h5><p>Wenn Sie mit der Art und Weise, wie wir Ihre personenbezogenen Daten behandeln oder verarbeiten, unzufrieden sind, haben Sie das Recht, eine Beschwerde bei der Datenschutzbeh\u00f6rde einzureichen.<\/p><h5>9. Kontaktangaben<\/h5><p>ST Viajes, S.L.<br \/>C\/ Antonio de Nebrija, n\u00ba 20, 29620, Torremolinos, Spanien<br \/>Web: <a href=\"https:\/\/surtravel.com\">https:\/\/surtravel.com<\/a><br \/>E-Mail: info@surtravel.es<br \/>Telefon: +34 952 91 31 60<\/p>\t\t\t\t\t\t\t\t<\/div>\n\t\t\t\t<\/div>\n\t\t\t\t\t<\/div>\n\t\t\t\t<\/div>\n\t\t\t\t<\/div>","protected":false},"excerpt":{"rendered":"<p>Esta declaraci\u00f3n de privacidad se actualiz\u00f3 por \u00faltima vez el 14 de enero de 2025 y se aplica a los ciudadanos y residentes legales permanentes del Espacio Econ\u00f3mico Europeo y Suiza. En esta declaraci\u00f3n de privacidad, explicamos lo que hacemos con los datos que obtenemos sobre usted a trav\u00e9s de https:\/\/surtravel.com . Le recomendamos que [&hellip;]<\/p>","protected":false},"author":2,"featured_media":0,"parent":0,"menu_order":0,"comment_status":"closed","ping_status":"closed","template":"","meta":{"footnotes":""},"class_list":["post-476","page","type-page","status-publish","hentry"],"_links":{"self":[{"href":"https:\/\/surtravel.es\/de\/wp-json\/wp\/v2\/pages\/476","targetHints":{"allow":["GET"]}}],"collection":[{"href":"https:\/\/surtravel.es\/de\/wp-json\/wp\/v2\/pages"}],"about":[{"href":"https:\/\/surtravel.es\/de\/wp-json\/wp\/v2\/types\/page"}],"author":[{"embeddable":true,"href":"https:\/\/surtravel.es\/de\/wp-json\/wp\/v2\/users\/2"}],"replies":[{"embeddable":true,"href":"https:\/\/surtravel.es\/de\/wp-json\/wp\/v2\/comments?post=476"}],"version-history":[{"count":16,"href":"https:\/\/surtravel.es\/de\/wp-json\/wp\/v2\/pages\/476\/revisions"}],"predecessor-version":[{"id":592,"href":"https:\/\/surtravel.es\/de\/wp-json\/wp\/v2\/pages\/476\/revisions\/592"}],"wp:attachment":[{"href":"https:\/\/surtravel.es\/de\/wp-json\/wp\/v2\/media?parent=476"}],"curies":[{"name":"wp","href":"https:\/\/api.w.org\/{rel}","templated":true}]}}